{"id":34,"date":"2011-12-22T11:50:13","date_gmt":"2011-12-22T11:50:13","guid":{"rendered":"http:\/\/doom.wantan-creative.de\/?page_id=2"},"modified":"2025-11-27T10:26:57","modified_gmt":"2025-11-27T09:26:57","slug":"home","status":"publish","type":"page","link":"https:\/\/www.iccas.de\/en\/?&lang=en","title":{"rendered":"Home"},"content":{"rendered":"<div class=\"row\">\n<div class=\"col-sm-4\">\n<p>The Innovation Center Computer Assisted Surgery &#8211; ICCAS &#8211; is a pioneer in developing computer-aided, integrative technologies and intelligent assistance systems in medicine. It is the interface between clinical requirements and economic implementation of innovative medical products. The main goal is the improvement of therapy methods and work processes to increase patient safety and economic relevant technology.<\/p>\n<\/div>\n<\/div>\n","protected":false},"excerpt":{"rendered":"<p>The Innovation Center Computer Assisted Surgery &#8211; ICCAS &#8211; is a pioneer in developing computer-aided, integrative technologies and intelligent assistance systems in medicine. It is the interface between clinical requirements and economic implementation of innovative medical products. The main goal is the improvement of therapy methods and work processes to increase patient safety and economic relevant technology.<\/p>\n","protected":false},"author":1,"featured_media":0,"parent":0,"menu_order":1,"comment_status":"closed","ping_status":"closed","template":"templates\/Startseitentemplate.php","meta":{"_acf_changed":false,"footnotes":""},"class_list":["post-34","page","type-page","status-publish","hentry"],"acf":[],"yoast_head":"<!-- This site is optimized with the Yoast SEO plugin v26.8 - https:\/\/yoast.com\/product\/yoast-seo-wordpress\/ -->\n<title>ICCAS - Innovation Center Computer Assisted Surgery (Computer-assistierte Chirurgie)<\/title>\n<meta name=\"description\" content=\"Das Innovationszentrum f\u00fcr Computer-assistierte Chirurgie wurde 2005 ins Leben gerufen. Es geh\u00f6rt zu den interdisziplin\u00e4ren Forschungszentren der Universit\u00e4t Leipzig.\" \/>\n<meta name=\"robots\" content=\"index, follow, max-snippet:-1, max-image-preview:large, max-video-preview:-1\" \/>\n<link rel=\"canonical\" href=\"https:\/\/www.iccas.de\/?&lang=en\" \/>\n<meta property=\"og:locale\" content=\"en_US\" \/>\n<meta property=\"og:locale:alternate\" content=\"de_DE\" \/>\n<meta property=\"og:type\" content=\"article\" \/>\n<meta property=\"og:title\" content=\"ICCAS - Innovation Center Computer Assisted Surgery (Computer-assistierte Chirurgie)\" \/>\n<meta property=\"og:description\" content=\"Das Innovationszentrum f\u00fcr Computer-assistierte Chirurgie wurde 2005 ins Leben gerufen. Es geh\u00f6rt zu den interdisziplin\u00e4ren Forschungszentren der Universit\u00e4t Leipzig.\" \/>\n<meta property=\"og:url\" content=\"https:\/\/www.iccas.de\/en\/\" \/>\n<meta property=\"og:site_name\" content=\"Innovation Center Computer Assisted Surgery\" \/>\n<meta property=\"article:modified_time\" content=\"2025-11-27T09:26:57+00:00\" \/>\n<meta name=\"twitter:card\" content=\"summary_large_image\" \/>\n<meta name=\"twitter:label1\" content=\"Est. reading time\" \/>\n\t<meta name=\"twitter:data1\" content=\"2 minutes\" \/>\n<script type=\"application\/ld+json\" class=\"yoast-schema-graph\">{\"@context\":\"https:\/\/schema.org\",\"@graph\":[{\"@type\":\"WebPage\",\"@id\":\"https:\/\/www.iccas.de\/?&lang=en\",\"url\":\"https:\/\/www.iccas.de\/?&lang=en\",\"name\":\"ICCAS - Innovation Center Computer Assisted Surgery (Computer-assistierte Chirurgie)\",\"isPartOf\":{\"@id\":\"https:\/\/www.iccas.de\/#website\"},\"datePublished\":\"2011-12-22T11:50:13+00:00\",\"dateModified\":\"2025-11-27T09:26:57+00:00\",\"description\":\"Das Innovationszentrum f\u00fcr Computer-assistierte Chirurgie wurde 2005 ins Leben gerufen. Es geh\u00f6rt zu den interdisziplin\u00e4ren Forschungszentren der Universit\u00e4t Leipzig.\",\"breadcrumb\":{\"@id\":\"https:\/\/www.iccas.de\/?&lang=en#breadcrumb\"},\"inLanguage\":\"en-US\",\"potentialAction\":[{\"@type\":\"ReadAction\",\"target\":[\"https:\/\/www.iccas.de\/?&lang=en\"]}]},{\"@type\":\"BreadcrumbList\",\"@id\":\"https:\/\/www.iccas.de\/?&lang=en#breadcrumb\",\"itemListElement\":[{\"@type\":\"ListItem\",\"position\":1,\"name\":\"Home\",\"item\":\"https:\/\/www.iccas.de\/?&lang=en\"},{\"@type\":\"ListItem\",\"position\":2,\"name\":\"Home\"}]},{\"@type\":\"WebSite\",\"@id\":\"https:\/\/www.iccas.de\/#website\",\"url\":\"https:\/\/www.iccas.de\/\",\"name\":\"Innovation Center Computer Assisted Surgery\",\"description\":\"\",\"potentialAction\":[{\"@type\":\"SearchAction\",\"target\":{\"@type\":\"EntryPoint\",\"urlTemplate\":\"https:\/\/www.iccas.de\/?s={search_term_string}\"},\"query-input\":{\"@type\":\"PropertyValueSpecification\",\"valueRequired\":true,\"valueName\":\"search_term_string\"}}],\"inLanguage\":\"en-US\"}]}<\/script>\n<!-- \/ Yoast SEO plugin. -->","yoast_head_json":{"title":"ICCAS - Innovation Center Computer Assisted Surgery (Computer-assistierte Chirurgie)","description":"Das Innovationszentrum f\u00fcr Computer-assistierte Chirurgie wurde 2005 ins Leben gerufen. Es geh\u00f6rt zu den interdisziplin\u00e4ren Forschungszentren der Universit\u00e4t Leipzig.","robots":{"index":"index","follow":"follow","max-snippet":"max-snippet:-1","max-image-preview":"max-image-preview:large","max-video-preview":"max-video-preview:-1"},"canonical":"https:\/\/www.iccas.de\/?&lang=en","og_locale":"en_US","og_type":"article","og_title":"ICCAS - Innovation Center Computer Assisted Surgery (Computer-assistierte Chirurgie)","og_description":"Das Innovationszentrum f\u00fcr Computer-assistierte Chirurgie wurde 2005 ins Leben gerufen. Es geh\u00f6rt zu den interdisziplin\u00e4ren Forschungszentren der Universit\u00e4t Leipzig.","og_url":"https:\/\/www.iccas.de\/en\/","og_site_name":"Innovation Center Computer Assisted Surgery","article_modified_time":"2025-11-27T09:26:57+00:00","twitter_card":"summary_large_image","twitter_misc":{"Est. reading time":"2 minutes"},"schema":{"@context":"https:\/\/schema.org","@graph":[{"@type":"WebPage","@id":"https:\/\/www.iccas.de\/?&lang=en","url":"https:\/\/www.iccas.de\/?&lang=en","name":"ICCAS - Innovation Center Computer Assisted Surgery (Computer-assistierte Chirurgie)","isPartOf":{"@id":"https:\/\/www.iccas.de\/#website"},"datePublished":"2011-12-22T11:50:13+00:00","dateModified":"2025-11-27T09:26:57+00:00","description":"Das Innovationszentrum f\u00fcr Computer-assistierte Chirurgie wurde 2005 ins Leben gerufen. Es geh\u00f6rt zu den interdisziplin\u00e4ren Forschungszentren der Universit\u00e4t Leipzig.","breadcrumb":{"@id":"https:\/\/www.iccas.de\/?&lang=en#breadcrumb"},"inLanguage":"en-US","potentialAction":[{"@type":"ReadAction","target":["https:\/\/www.iccas.de\/?&lang=en"]}]},{"@type":"BreadcrumbList","@id":"https:\/\/www.iccas.de\/?&lang=en#breadcrumb","itemListElement":[{"@type":"ListItem","position":1,"name":"Home","item":"https:\/\/www.iccas.de\/?&lang=en"},{"@type":"ListItem","position":2,"name":"Home"}]},{"@type":"WebSite","@id":"https:\/\/www.iccas.de\/#website","url":"https:\/\/www.iccas.de\/","name":"Innovation Center Computer Assisted Surgery","description":"","potentialAction":[{"@type":"SearchAction","target":{"@type":"EntryPoint","urlTemplate":"https:\/\/www.iccas.de\/?s={search_term_string}"},"query-input":{"@type":"PropertyValueSpecification","valueRequired":true,"valueName":"search_term_string"}}],"inLanguage":"en-US"}]}},"_links":{"self":[{"href":"https:\/\/www.iccas.de\/en\/wp-json\/wp\/v2\/pages\/34","targetHints":{"allow":["GET"]}}],"collection":[{"href":"https:\/\/www.iccas.de\/en\/wp-json\/wp\/v2\/pages"}],"about":[{"href":"https:\/\/www.iccas.de\/en\/wp-json\/wp\/v2\/types\/page"}],"author":[{"embeddable":true,"href":"https:\/\/www.iccas.de\/en\/wp-json\/wp\/v2\/users\/1"}],"replies":[{"embeddable":true,"href":"https:\/\/www.iccas.de\/en\/wp-json\/wp\/v2\/comments?post=34"}],"version-history":[{"count":129,"href":"https:\/\/www.iccas.de\/en\/wp-json\/wp\/v2\/pages\/34\/revisions"}],"predecessor-version":[{"id":62432,"href":"https:\/\/www.iccas.de\/en\/wp-json\/wp\/v2\/pages\/34\/revisions\/62432"}],"wp:attachment":[{"href":"https:\/\/www.iccas.de\/en\/wp-json\/wp\/v2\/media?parent=34"}],"curies":[{"name":"wp","href":"https:\/\/api.w.org\/{rel}","templated":true}]}}