{"id":361,"date":"2012-01-26T05:51:25","date_gmt":"2012-01-26T05:51:25","guid":{"rendered":"http:\/\/doom.wantan-creative.de\/?page_id=361"},"modified":"2019-08-28T12:20:32","modified_gmt":"2019-08-28T10:20:32","slug":"jahresbericht","status":"publish","type":"page","link":"https:\/\/www.iccas.de\/en\/publikationen\/jahresbericht\/?&lang=en","title":{"rendered":"Annual reports"},"content":{"rendered":"<p>The Annual Scientific Report summarizes all ICCAS\u2019s activities from the preceding year. It contains reports on the individual research groups and their findings, and lists all the publications relating to research at ICCAS. Aimed at an international readership, the Annual Scientific Report is only available in English.<\/p>\n","protected":false},"excerpt":{"rendered":"<p>The Annual Scientific Report summarizes all ICCAS\u2019s activities from the preceding year. It contains reports on the individual research groups and their findings, and lists all the publications relating to research at ICCAS. Aimed at an international readership, the Annual Scientific Report is only available in English.<\/p>\n","protected":false},"author":1,"featured_media":0,"parent":1345,"menu_order":117,"comment_status":"closed","ping_status":"closed","template":"templates\/jahresberichte.php","meta":{"_acf_changed":false,"footnotes":""},"class_list":["post-361","page","type-page","status-publish","hentry"],"acf":[],"yoast_head":"<!-- This site is optimized with the Yoast SEO plugin v26.8 - https:\/\/yoast.com\/product\/yoast-seo-wordpress\/ -->\n<title>Jahresbericht - Innovation Center Computer Assisted Surgery<\/title>\n<meta name=\"description\" content=\"Der Jahresbericht stellt T\u00e4tigkeitsbereiche und Ergebnisse der Forschungsgruppen vor und gibt einen \u00dcberblick \u00fcber \u00f6ffentliche Auftritte und Publikationen.\" \/>\n<meta name=\"robots\" content=\"index, follow, max-snippet:-1, max-image-preview:large, max-video-preview:-1\" \/>\n<link rel=\"canonical\" href=\"https:\/\/www.iccas.de\/publikationen\/jahresbericht\/?&lang=en\" \/>\n<meta property=\"og:locale\" content=\"en_US\" \/>\n<meta property=\"og:locale:alternate\" content=\"de_DE\" \/>\n<meta property=\"og:type\" content=\"article\" \/>\n<meta property=\"og:title\" content=\"Jahresbericht - Innovation Center Computer Assisted Surgery\" \/>\n<meta property=\"og:description\" content=\"Der Jahresbericht stellt T\u00e4tigkeitsbereiche und Ergebnisse der Forschungsgruppen vor und gibt einen \u00dcberblick \u00fcber \u00f6ffentliche Auftritte und Publikationen.\" \/>\n<meta property=\"og:url\" content=\"https:\/\/www.iccas.de\/en\/publikationen\/jahresbericht\/\" \/>\n<meta property=\"og:site_name\" content=\"Innovation Center Computer Assisted Surgery\" \/>\n<meta property=\"article:modified_time\" content=\"2019-08-28T10:20:32+00:00\" \/>\n<meta name=\"twitter:card\" content=\"summary_large_image\" \/>\n<meta name=\"twitter:label1\" content=\"Est. reading time\" \/>\n\t<meta name=\"twitter:data1\" content=\"1 minute\" \/>\n<script type=\"application\/ld+json\" class=\"yoast-schema-graph\">{\"@context\":\"https:\/\/schema.org\",\"@graph\":[{\"@type\":\"WebPage\",\"@id\":\"https:\/\/www.iccas.de\/publikationen\/jahresbericht\/\",\"url\":\"https:\/\/www.iccas.de\/publikationen\/jahresbericht\/\",\"name\":\"Jahresbericht - Innovation Center Computer Assisted Surgery\",\"isPartOf\":{\"@id\":\"https:\/\/www.iccas.de\/#website\"},\"datePublished\":\"2012-01-26T05:51:25+00:00\",\"dateModified\":\"2019-08-28T10:20:32+00:00\",\"description\":\"Der Jahresbericht stellt T\u00e4tigkeitsbereiche und Ergebnisse der Forschungsgruppen vor und gibt einen \u00dcberblick \u00fcber \u00f6ffentliche Auftritte und Publikationen.\",\"breadcrumb\":{\"@id\":\"https:\/\/www.iccas.de\/publikationen\/jahresbericht\/#breadcrumb\"},\"inLanguage\":\"en-US\",\"potentialAction\":[{\"@type\":\"ReadAction\",\"target\":[\"https:\/\/www.iccas.de\/publikationen\/jahresbericht\/\"]}]},{\"@type\":\"BreadcrumbList\",\"@id\":\"https:\/\/www.iccas.de\/publikationen\/jahresbericht\/#breadcrumb\",\"itemListElement\":[{\"@type\":\"ListItem\",\"position\":1,\"name\":\"Home\",\"item\":\"https:\/\/www.iccas.de\/?&lang=en\"},{\"@type\":\"ListItem\",\"position\":2,\"name\":\"Publikationen\",\"item\":\"https:\/\/www.iccas.de\/publikationen\/\"},{\"@type\":\"ListItem\",\"position\":3,\"name\":\"Jahresbericht\"}]},{\"@type\":\"WebSite\",\"@id\":\"https:\/\/www.iccas.de\/#website\",\"url\":\"https:\/\/www.iccas.de\/\",\"name\":\"Innovation Center Computer Assisted Surgery\",\"description\":\"\",\"potentialAction\":[{\"@type\":\"SearchAction\",\"target\":{\"@type\":\"EntryPoint\",\"urlTemplate\":\"https:\/\/www.iccas.de\/?s={search_term_string}\"},\"query-input\":{\"@type\":\"PropertyValueSpecification\",\"valueRequired\":true,\"valueName\":\"search_term_string\"}}],\"inLanguage\":\"en-US\"}]}<\/script>\n<!-- \/ Yoast SEO plugin. -->","yoast_head_json":{"title":"Jahresbericht - Innovation Center Computer Assisted Surgery","description":"Der Jahresbericht stellt T\u00e4tigkeitsbereiche und Ergebnisse der Forschungsgruppen vor und gibt einen \u00dcberblick \u00fcber \u00f6ffentliche Auftritte und Publikationen.","robots":{"index":"index","follow":"follow","max-snippet":"max-snippet:-1","max-image-preview":"max-image-preview:large","max-video-preview":"max-video-preview:-1"},"canonical":"https:\/\/www.iccas.de\/publikationen\/jahresbericht\/?&lang=en","og_locale":"en_US","og_type":"article","og_title":"Jahresbericht - Innovation Center Computer Assisted Surgery","og_description":"Der Jahresbericht stellt T\u00e4tigkeitsbereiche und Ergebnisse der Forschungsgruppen vor und gibt einen \u00dcberblick \u00fcber \u00f6ffentliche Auftritte und Publikationen.","og_url":"https:\/\/www.iccas.de\/en\/publikationen\/jahresbericht\/","og_site_name":"Innovation Center Computer Assisted Surgery","article_modified_time":"2019-08-28T10:20:32+00:00","twitter_card":"summary_large_image","twitter_misc":{"Est. reading time":"1 minute"},"schema":{"@context":"https:\/\/schema.org","@graph":[{"@type":"WebPage","@id":"https:\/\/www.iccas.de\/publikationen\/jahresbericht\/","url":"https:\/\/www.iccas.de\/publikationen\/jahresbericht\/","name":"Jahresbericht - Innovation Center Computer Assisted Surgery","isPartOf":{"@id":"https:\/\/www.iccas.de\/#website"},"datePublished":"2012-01-26T05:51:25+00:00","dateModified":"2019-08-28T10:20:32+00:00","description":"Der Jahresbericht stellt T\u00e4tigkeitsbereiche und Ergebnisse der Forschungsgruppen vor und gibt einen \u00dcberblick \u00fcber \u00f6ffentliche Auftritte und Publikationen.","breadcrumb":{"@id":"https:\/\/www.iccas.de\/publikationen\/jahresbericht\/#breadcrumb"},"inLanguage":"en-US","potentialAction":[{"@type":"ReadAction","target":["https:\/\/www.iccas.de\/publikationen\/jahresbericht\/"]}]},{"@type":"BreadcrumbList","@id":"https:\/\/www.iccas.de\/publikationen\/jahresbericht\/#breadcrumb","itemListElement":[{"@type":"ListItem","position":1,"name":"Home","item":"https:\/\/www.iccas.de\/?&lang=en"},{"@type":"ListItem","position":2,"name":"Publikationen","item":"https:\/\/www.iccas.de\/publikationen\/"},{"@type":"ListItem","position":3,"name":"Jahresbericht"}]},{"@type":"WebSite","@id":"https:\/\/www.iccas.de\/#website","url":"https:\/\/www.iccas.de\/","name":"Innovation Center Computer Assisted Surgery","description":"","potentialAction":[{"@type":"SearchAction","target":{"@type":"EntryPoint","urlTemplate":"https:\/\/www.iccas.de\/?s={search_term_string}"},"query-input":{"@type":"PropertyValueSpecification","valueRequired":true,"valueName":"search_term_string"}}],"inLanguage":"en-US"}]}},"_links":{"self":[{"href":"https:\/\/www.iccas.de\/en\/wp-json\/wp\/v2\/pages\/361","targetHints":{"allow":["GET"]}}],"collection":[{"href":"https:\/\/www.iccas.de\/en\/wp-json\/wp\/v2\/pages"}],"about":[{"href":"https:\/\/www.iccas.de\/en\/wp-json\/wp\/v2\/types\/page"}],"author":[{"embeddable":true,"href":"https:\/\/www.iccas.de\/en\/wp-json\/wp\/v2\/users\/1"}],"replies":[{"embeddable":true,"href":"https:\/\/www.iccas.de\/en\/wp-json\/wp\/v2\/comments?post=361"}],"version-history":[{"count":2,"href":"https:\/\/www.iccas.de\/en\/wp-json\/wp\/v2\/pages\/361\/revisions"}],"predecessor-version":[{"id":21216,"href":"https:\/\/www.iccas.de\/en\/wp-json\/wp\/v2\/pages\/361\/revisions\/21216"}],"up":[{"embeddable":true,"href":"https:\/\/www.iccas.de\/en\/wp-json\/wp\/v2\/pages\/1345"}],"wp:attachment":[{"href":"https:\/\/www.iccas.de\/en\/wp-json\/wp\/v2\/media?parent=361"}],"curies":[{"name":"wp","href":"https:\/\/api.w.org\/{rel}","templated":true}]}}