{"id":4008,"date":"2012-01-05T20:52:28","date_gmt":"2012-01-05T19:52:28","guid":{"rendered":"http:\/\/doom.wantan-creative.de\/?page_id=17"},"modified":"2024-11-15T10:22:58","modified_gmt":"2024-11-15T09:22:58","slug":"kontakt-2","status":"publish","type":"page","link":"https:\/\/www.iccas.de\/en\/kontakt-2\/?&lang=en","title":{"rendered":"Contact"},"content":{"rendered":"<div class=\"row\">\n<div class=\"col-md-4\">\n<h2 class=\"span8\"><img decoding=\"async\" data-action=\"zoom\" class=\"article-list-healine-icon\" src=\"https:\/\/www.iccas.de\/wp-content\/themes\/ICCAS%20Cosplay\/images\/Pfeil_Icon.png\" alt=\"headline-marker\" \/>Address \/ Contact<\/h2>\n<p>Universit\u00e4t Leipzig | Faculty of Medicine<br \/>\nInnovation Center Computer Assisted Surgery (ICCAS)<br \/>\nSemmelweisstra\u00dfe 14, Haus 14<br \/>\nD \u2013 04103 Leipzig<br \/>\nGermany<\/p>\n<p>Phone:\u00a0+49 (0) 341 \/ 97 \u2013 1 20 00<br \/>\nFax: +49 (0) 341 \/ 97 \u2013 1 20 19<br \/>\nE-Mail:\u00a0info(at)iccas.de<\/p>\n<figure id=\"attachment_15952\" style=\"width: 325px\"  class=\"wp-caption alignnone\"><img loading=\"lazy\" decoding=\"async\" data-action=\"zoom\" class=\"wp-image-15952\" src=\"https:\/\/www.iccas.de\/wp-content\/uploads\/2018\/03\/iccas-e1559904329194.jpg\" alt=\"\" width=\"325\" height=\"209\" srcset=\"https:\/\/www.iccas.de\/wp-content\/uploads\/2018\/03\/iccas-e1559904329194.jpg 567w, https:\/\/www.iccas.de\/wp-content\/uploads\/2018\/03\/iccas-e1559904329194-300x193.jpg 300w\" sizes=\"auto, (max-width: 325px) 100vw, 325px\" \/><figcaption class=\"wp-caption-text\">Premesis of ICCAS, Semmelweisstra\u00dfe 14, Leipzig<\/figcaption><\/figure>\n<\/div>\n<div class=\"col-md-8\"><\/div>\n<\/div>\n<hr \/>\n<p><iframe loading=\"lazy\" src=\"https:\/\/maps.google.com\/maps?hl=en&#038;q=Semmelweisstra\u00dfe 14, Mitte 04103 Leipzig, Germany&#038;ie=UTF8&#038;t=hybrid&#038;z=16&#038;iwloc=B&#038;output=embed\" width=\"750\" height=\"250\" frameborder=\"0\" marginwidth=\"0\" marginheight=\"0\" scrolling=\"no\"><span data-mce-type=\"bookmark\" style=\"display: inline-block; width: 0px; overflow: hidden; line-height: 0;\" class=\"mce_SELRES_start\">\ufeff<\/span><\/iframe><\/p>\n<h2 class=\"span8\"><img decoding=\"async\" data-action=\"zoom\" class=\"article-list-healine-icon\" src=\"https:\/\/www.iccas.de\/wp-content\/themes\/ICCAS%20Cosplay\/images\/Pfeil_Icon.png\" alt=\"headline-marker\" \/>Location<\/h2>\n<p>ICCAS is located southeast of Leipzig city centre in the Reudnitz-Thonberg district, close to the old fair trade grounds, the Max Planck Institute for Evolutionary Anthropology and the German National Library. The premises are located at Semmelweisstra\u00dfe 14, in the basement and on the first floor of the white building &#8211; House 14 (Palliativmedizin). You will find the contact point and office on the first floor.<\/p>\n<p>&nbsp;<\/p>\n<hr \/>\n<h2 class=\"span8\"><img decoding=\"async\" data-action=\"zoom\" class=\"article-list-healine-icon\" src=\"https:\/\/www.iccas.de\/wp-content\/themes\/ICCAS%20Cosplay\/images\/Pfeil_Icon.png\" alt=\"headline-marker\" \/>Arrival<\/h2>\n<h3><strong><a href=\"https:\/\/www.iccas.de\/wp-content\/uploads\/2019\/08\/Auto.jpg\"><img loading=\"lazy\" decoding=\"async\" data-action=\"zoom\" class=\" img-fluid alignnone wp-image-21050\" src=\"https:\/\/www.iccas.de\/wp-content\/uploads\/2019\/08\/Auto.jpg\" alt=\"\" width=\"60\" height=\"57\" srcset=\"https:\/\/www.iccas.de\/wp-content\/uploads\/2019\/08\/Auto.jpg 761w, https:\/\/www.iccas.de\/wp-content\/uploads\/2019\/08\/Auto-300x283.jpg 300w\" sizes=\"auto, (max-width: 60px) 100vw, 60px\" \/><\/a>By car<\/strong><\/h3>\n<p>Via B 2 \/ Prager Stra\u00dfe<br \/>\nFree parking:<\/p>\n<ul>\n<li>along Semmelweisstra\u00dfe and the adjoining streets: Karl-Siegismund-Stra\u00dfe (charging station for electric cars), Linn\u00e9stra\u00dfe, Philipp-Rosenthal-Stra\u00dfe (access ICCAS also possible via Philipp-Rosenthal-Stra\u00dfe 55, through the courtyard, following the signs)<\/li>\n<li>around Deutscher Platz<\/li>\n<li>on the old fair trade grounds (access ICCAS also possible from Philipp-Rosenthal-Stra\u00dfe 55, through the inner courtyard, please follow the signs)<\/li>\n<\/ul>\n<h3><strong><a href=\"https:\/\/www.iccas.de\/wp-content\/uploads\/2019\/08\/\u00d6PNV.jpg\"><img loading=\"lazy\" decoding=\"async\" data-action=\"zoom\" class=\" img-fluid alignnone wp-image-21054\" src=\"https:\/\/www.iccas.de\/wp-content\/uploads\/2019\/08\/\u00d6PNV.jpg\" alt=\"\" width=\"60\" height=\"57\" srcset=\"https:\/\/www.iccas.de\/wp-content\/uploads\/2019\/08\/\u00d6PNV.jpg 761w, https:\/\/www.iccas.de\/wp-content\/uploads\/2019\/08\/\u00d6PNV-300x283.jpg 300w\" sizes=\"auto, (max-width: 60px) 100vw, 60px\" \/><\/a>By local public transport<\/strong><\/h3>\n<p><strong>From Leipzig Main Station:<\/strong><\/p>\n<p>Route 1:<\/p>\n<ul>\n<li>Tram line 16, track 2 (direction L\u00f6\u00dfnig)<\/li>\n<li>stop at station &#8220;Deutsche Nationalbibliothek&#8221;<\/li>\n<li>walk approx. 11 min, ca. 300 m along Semmelweisstra\u00dfe in eastern direction (Russian Church)<\/li>\n<li>the destination is on the right side of the road<\/li>\n<\/ul>\n<p>Route 2:<\/p>\n<ul>\n<li>Tram line 15, track 4 (direction Meusdorf)<\/li>\n<li>stop at station &#8220;Technisches Rathaus&#8221;<\/li>\n<li>walk approx. 9 min, from Prager Stra\u00dfe turn into Semmelweisstra\u00dfe and walk approx. 150 m in western direction<\/li>\n<li>the destination is located on the left side of the street<\/li>\n<\/ul>\n<p><strong><a href=\"https:\/\/www.iccas.de\/wp-content\/uploads\/2019\/08\/Flughafen.jpg\"><img loading=\"lazy\" decoding=\"async\" data-action=\"zoom\" class=\" img-fluid alignnone wp-image-21056\" src=\"https:\/\/www.iccas.de\/wp-content\/uploads\/2019\/08\/Flughafen.jpg\" alt=\"\" width=\"60\" height=\"57\" srcset=\"https:\/\/www.iccas.de\/wp-content\/uploads\/2019\/08\/Flughafen.jpg 761w, https:\/\/www.iccas.de\/wp-content\/uploads\/2019\/08\/Flughafen-300x283.jpg 300w\" sizes=\"auto, (max-width: 60px) 100vw, 60px\" \/><\/a>From Leipzig-Halle-Airport:<\/strong><\/p>\n<ul>\n<li>S-Bahn every 30 min to Leipzig main station<\/li>\n<li>Taxi or airport shuttle<\/li>\n<li>Car rental<\/li>\n<\/ul>\n","protected":false},"excerpt":{"rendered":"<p>(more information)<\/p>\n","protected":false},"author":1,"featured_media":0,"parent":0,"menu_order":180,"comment_status":"closed","ping_status":"closed","template":"templates\/page-without-right-sidebar.php","meta":{"_acf_changed":false,"footnotes":""},"class_list":["post-4008","page","type-page","status-publish","hentry"],"acf":[],"yoast_head":"<!-- This site is optimized with the Yoast SEO plugin v26.8 - https:\/\/yoast.com\/product\/yoast-seo-wordpress\/ -->\n<title>KONTAKT - Innovation Center Computer Assisted Surgery<\/title>\n<meta name=\"description\" content=\"Hier haben Sie die M\u00f6glichkeit mit uns Kontakt aufzunehmen und erfahren wie Sie uns mit den \u00f6ffentlich Verkehrsmitteln erreichen.\" \/>\n<meta name=\"robots\" content=\"index, follow, max-snippet:-1, max-image-preview:large, max-video-preview:-1\" \/>\n<link rel=\"canonical\" href=\"https:\/\/www.iccas.de\/kontakt-2\/?&lang=en\" \/>\n<meta property=\"og:locale\" content=\"en_US\" \/>\n<meta property=\"og:locale:alternate\" content=\"de_DE\" \/>\n<meta property=\"og:type\" content=\"article\" \/>\n<meta property=\"og:title\" content=\"KONTAKT - Innovation Center Computer Assisted Surgery\" \/>\n<meta property=\"og:description\" content=\"Hier haben Sie die M\u00f6glichkeit mit uns Kontakt aufzunehmen und erfahren wie Sie uns mit den \u00f6ffentlich Verkehrsmitteln erreichen.\" \/>\n<meta property=\"og:url\" content=\"https:\/\/www.iccas.de\/en\/kontakt-2\/\" \/>\n<meta property=\"og:site_name\" content=\"Innovation Center Computer Assisted Surgery\" \/>\n<meta property=\"article:modified_time\" content=\"2024-11-15T09:22:58+00:00\" \/>\n<meta property=\"og:image\" content=\"https:\/\/www.iccas.de\/wp-content\/uploads\/2018\/03\/iccas-e1559904329194.jpg\" \/>\n<meta name=\"twitter:card\" content=\"summary_large_image\" \/>\n<meta name=\"twitter:label1\" content=\"Est. reading time\" \/>\n\t<meta name=\"twitter:data1\" content=\"3 minutes\" \/>\n<script type=\"application\/ld+json\" class=\"yoast-schema-graph\">{\"@context\":\"https:\/\/schema.org\",\"@graph\":[{\"@type\":\"WebPage\",\"@id\":\"https:\/\/www.iccas.de\/kontakt-2\/\",\"url\":\"https:\/\/www.iccas.de\/kontakt-2\/\",\"name\":\"KONTAKT - Innovation Center Computer Assisted Surgery\",\"isPartOf\":{\"@id\":\"https:\/\/www.iccas.de\/#website\"},\"primaryImageOfPage\":{\"@id\":\"https:\/\/www.iccas.de\/kontakt-2\/#primaryimage\"},\"image\":{\"@id\":\"https:\/\/www.iccas.de\/kontakt-2\/#primaryimage\"},\"thumbnailUrl\":\"https:\/\/www.iccas.de\/wp-content\/uploads\/2018\/03\/iccas-e1559904329194.jpg\",\"datePublished\":\"2012-01-05T19:52:28+00:00\",\"dateModified\":\"2024-11-15T09:22:58+00:00\",\"description\":\"Hier haben Sie die M\u00f6glichkeit mit uns Kontakt aufzunehmen und erfahren wie Sie uns mit den \u00f6ffentlich Verkehrsmitteln erreichen.\",\"breadcrumb\":{\"@id\":\"https:\/\/www.iccas.de\/kontakt-2\/#breadcrumb\"},\"inLanguage\":\"en-US\",\"potentialAction\":[{\"@type\":\"ReadAction\",\"target\":[\"https:\/\/www.iccas.de\/kontakt-2\/\"]}]},{\"@type\":\"ImageObject\",\"inLanguage\":\"en-US\",\"@id\":\"https:\/\/www.iccas.de\/kontakt-2\/#primaryimage\",\"url\":\"https:\/\/www.iccas.de\/wp-content\/uploads\/2018\/03\/iccas-e1559904329194.jpg\",\"contentUrl\":\"https:\/\/www.iccas.de\/wp-content\/uploads\/2018\/03\/iccas-e1559904329194.jpg\"},{\"@type\":\"BreadcrumbList\",\"@id\":\"https:\/\/www.iccas.de\/kontakt-2\/#breadcrumb\",\"itemListElement\":[{\"@type\":\"ListItem\",\"position\":1,\"name\":\"Home\",\"item\":\"https:\/\/www.iccas.de\/?&lang=en\"},{\"@type\":\"ListItem\",\"position\":2,\"name\":\"Kontakt\"}]},{\"@type\":\"WebSite\",\"@id\":\"https:\/\/www.iccas.de\/#website\",\"url\":\"https:\/\/www.iccas.de\/\",\"name\":\"Innovation Center Computer Assisted Surgery\",\"description\":\"\",\"potentialAction\":[{\"@type\":\"SearchAction\",\"target\":{\"@type\":\"EntryPoint\",\"urlTemplate\":\"https:\/\/www.iccas.de\/?s={search_term_string}\"},\"query-input\":{\"@type\":\"PropertyValueSpecification\",\"valueRequired\":true,\"valueName\":\"search_term_string\"}}],\"inLanguage\":\"en-US\"}]}<\/script>\n<!-- \/ Yoast SEO plugin. -->","yoast_head_json":{"title":"KONTAKT - Innovation Center Computer Assisted Surgery","description":"Hier haben Sie die M\u00f6glichkeit mit uns Kontakt aufzunehmen und erfahren wie Sie uns mit den \u00f6ffentlich Verkehrsmitteln erreichen.","robots":{"index":"index","follow":"follow","max-snippet":"max-snippet:-1","max-image-preview":"max-image-preview:large","max-video-preview":"max-video-preview:-1"},"canonical":"https:\/\/www.iccas.de\/kontakt-2\/?&lang=en","og_locale":"en_US","og_type":"article","og_title":"KONTAKT - Innovation Center Computer Assisted Surgery","og_description":"Hier haben Sie die M\u00f6glichkeit mit uns Kontakt aufzunehmen und erfahren wie Sie uns mit den \u00f6ffentlich Verkehrsmitteln erreichen.","og_url":"https:\/\/www.iccas.de\/en\/kontakt-2\/","og_site_name":"Innovation Center Computer Assisted Surgery","article_modified_time":"2024-11-15T09:22:58+00:00","og_image":[{"url":"https:\/\/www.iccas.de\/wp-content\/uploads\/2018\/03\/iccas-e1559904329194.jpg","type":"","width":"","height":""}],"twitter_card":"summary_large_image","twitter_misc":{"Est. reading time":"3 minutes"},"schema":{"@context":"https:\/\/schema.org","@graph":[{"@type":"WebPage","@id":"https:\/\/www.iccas.de\/kontakt-2\/","url":"https:\/\/www.iccas.de\/kontakt-2\/","name":"KONTAKT - Innovation Center Computer Assisted Surgery","isPartOf":{"@id":"https:\/\/www.iccas.de\/#website"},"primaryImageOfPage":{"@id":"https:\/\/www.iccas.de\/kontakt-2\/#primaryimage"},"image":{"@id":"https:\/\/www.iccas.de\/kontakt-2\/#primaryimage"},"thumbnailUrl":"https:\/\/www.iccas.de\/wp-content\/uploads\/2018\/03\/iccas-e1559904329194.jpg","datePublished":"2012-01-05T19:52:28+00:00","dateModified":"2024-11-15T09:22:58+00:00","description":"Hier haben Sie die M\u00f6glichkeit mit uns Kontakt aufzunehmen und erfahren wie Sie uns mit den \u00f6ffentlich Verkehrsmitteln erreichen.","breadcrumb":{"@id":"https:\/\/www.iccas.de\/kontakt-2\/#breadcrumb"},"inLanguage":"en-US","potentialAction":[{"@type":"ReadAction","target":["https:\/\/www.iccas.de\/kontakt-2\/"]}]},{"@type":"ImageObject","inLanguage":"en-US","@id":"https:\/\/www.iccas.de\/kontakt-2\/#primaryimage","url":"https:\/\/www.iccas.de\/wp-content\/uploads\/2018\/03\/iccas-e1559904329194.jpg","contentUrl":"https:\/\/www.iccas.de\/wp-content\/uploads\/2018\/03\/iccas-e1559904329194.jpg"},{"@type":"BreadcrumbList","@id":"https:\/\/www.iccas.de\/kontakt-2\/#breadcrumb","itemListElement":[{"@type":"ListItem","position":1,"name":"Home","item":"https:\/\/www.iccas.de\/?&lang=en"},{"@type":"ListItem","position":2,"name":"Kontakt"}]},{"@type":"WebSite","@id":"https:\/\/www.iccas.de\/#website","url":"https:\/\/www.iccas.de\/","name":"Innovation Center Computer Assisted Surgery","description":"","potentialAction":[{"@type":"SearchAction","target":{"@type":"EntryPoint","urlTemplate":"https:\/\/www.iccas.de\/?s={search_term_string}"},"query-input":{"@type":"PropertyValueSpecification","valueRequired":true,"valueName":"search_term_string"}}],"inLanguage":"en-US"}]}},"_links":{"self":[{"href":"https:\/\/www.iccas.de\/en\/wp-json\/wp\/v2\/pages\/4008","targetHints":{"allow":["GET"]}}],"collection":[{"href":"https:\/\/www.iccas.de\/en\/wp-json\/wp\/v2\/pages"}],"about":[{"href":"https:\/\/www.iccas.de\/en\/wp-json\/wp\/v2\/types\/page"}],"author":[{"embeddable":true,"href":"https:\/\/www.iccas.de\/en\/wp-json\/wp\/v2\/users\/1"}],"replies":[{"embeddable":true,"href":"https:\/\/www.iccas.de\/en\/wp-json\/wp\/v2\/comments?post=4008"}],"version-history":[{"count":87,"href":"https:\/\/www.iccas.de\/en\/wp-json\/wp\/v2\/pages\/4008\/revisions"}],"predecessor-version":[{"id":61688,"href":"https:\/\/www.iccas.de\/en\/wp-json\/wp\/v2\/pages\/4008\/revisions\/61688"}],"wp:attachment":[{"href":"https:\/\/www.iccas.de\/en\/wp-json\/wp\/v2\/media?parent=4008"}],"curies":[{"name":"wp","href":"https:\/\/api.w.org\/{rel}","templated":true}]}}